{"id":4898,"date":"2025-10-13T11:30:18","date_gmt":"2025-10-13T11:30:18","guid":{"rendered":"https:\/\/mosaicquarter.com\/accesibilidad\/"},"modified":"2025-11-03T07:26:01","modified_gmt":"2025-11-03T07:26:01","slug":"accesibilidad","status":"publish","type":"page","link":"https:\/\/mosaicquarter.com\/es\/accesibilidad\/","title":{"rendered":"Accesibilidad"},"content":{"rendered":"\t\t<div data-elementor-type=\"wp-page\" data-elementor-id=\"4898\" class=\"elementor elementor-4898 elementor-3829\" data-elementor-post-type=\"page\">\n\t\t\t\t<div class=\"elementor-element elementor-element-fec9179 e-flex e-con-boxed e-con e-parent\" data-id=\"fec9179\" data-element_type=\"container\" data-e-type=\"container\" data-settings=\"{&quot;background_background&quot;:&quot;classic&quot;}\">\n\t\t\t\t\t<div class=\"e-con-inner\">\n\t\t\t\t<div class=\"elementor-element elementor-element-58794f4 elementor-widget elementor-widget-heading\" data-id=\"58794f4\" data-element_type=\"widget\" data-e-type=\"widget\" data-widget_type=\"heading.default\">\n\t\t\t\t\t<h2 class=\"elementor-heading-title elementor-size-default\">Accesibilidad<\/h2>\t\t\t\t<\/div>\n\t\t\t\t\t<\/div>\n\t\t\t\t<\/div>\n\t\t<div class=\"elementor-element elementor-element-198a6c3 e-flex e-con-boxed e-con e-parent\" data-id=\"198a6c3\" data-element_type=\"container\" data-e-type=\"container\">\n\t\t\t\t\t<div class=\"e-con-inner\">\n\t\t<div class=\"elementor-element elementor-element-e84a215 e-con-full e-flex e-con e-child\" data-id=\"e84a215\" data-element_type=\"container\" data-e-type=\"container\">\n\t\t\t\t<div class=\"elementor-element elementor-element-b9d69cb elementor-widget elementor-widget-text-editor\" data-id=\"b9d69cb\" data-element_type=\"widget\" data-e-type=\"widget\" data-widget_type=\"text-editor.default\">\n\t\t\t\t\t\t\t\t\t<div class=\"wpb_text_column wpb_content_element\"><div class=\"wpb_wrapper\"><p>En Mosaic Quarter, nos comprometemos a proporcionar un sitio web accesible para todos. Como parte de este compromiso, seguimos trabajando para cumplir con los est\u00e1ndares de la ADA. Adem\u00e1s de todas las medidas iniciales que hemos tomado para que la accesibilidad sea una prioridad, realizaremos inspecciones peri\u00f3dicas de nuestro sitio web para asegurarnos de que cumplimos con los est\u00e1ndares actuales.<\/p><\/div><\/div>\t\t\t\t\t\t\t\t<\/div>\n\t\t\t\t<div class=\"elementor-element elementor-element-7562a31 elementor-widget elementor-widget-text-editor\" data-id=\"7562a31\" data-element_type=\"widget\" data-e-type=\"widget\" data-widget_type=\"text-editor.default\">\n\t\t\t\t\t\t\t\t\t<div class=\"wpb_text_column wpb_content_element\"><div class=\"wpb_wrapper\"><p>Mosaic Quarter utiliza las Pautas de Accesibilidad al Contenido Web (WCAG) publicadas por la Iniciativa de Accesibilidad Web (WAI) del Consorcio World Wide Web (W3C) para mantenerse al d\u00eda sobre las pautas de accesibilidad web. Si bien no podemos garantizar que todas las p\u00e1ginas cumplan con los est\u00e1ndares WGAG Nivel AA 2.0 presentados en estas pautas, nos esforzamos por hacer que todas nuestras p\u00e1ginas web sean accesibles. Es posible que las plataformas de terceros que enlazan desde nuestros sitios no cumplan con estos mismos est\u00e1ndares.<\/p><\/div><\/div>\t\t\t\t\t\t\t\t<\/div>\n\t\t\t\t<div class=\"elementor-element elementor-element-32a99a7 elementor-widget elementor-widget-text-editor\" data-id=\"32a99a7\" data-element_type=\"widget\" data-e-type=\"widget\" data-widget_type=\"text-editor.default\">\n\t\t\t\t\t\t\t\t\t<div class=\"wpb_text_column wpb_content_element\"><div class=\"wpb_wrapper\"><p>Para obtener m\u00e1s informaci\u00f3n sobre las pautas de la WCAG, puede visitar https:\/\/www.w3.org\/WAI\/intro\/wcag.php. Si tiene alguna sugerencia o pregunta con respecto a la accesibilidad en nuestro sitio web, p\u00f3ngase en contacto con nosotros en <a href=\"mailto:lindsay@mosaicquarter.com\">lindsay@mosaicquarter.com<\/a>. Haremos todo lo posible para responder a sus preguntas o proporcionar m\u00e1s informaci\u00f3n sobre sus necesidades espec\u00edficas de accesibilidad.<\/p><\/div><\/div>\t\t\t\t\t\t\t\t<\/div>\n\t\t\t\t<div class=\"elementor-element elementor-element-ff64280 elementor-widget elementor-widget-text-editor\" data-id=\"ff64280\" data-element_type=\"widget\" data-e-type=\"widget\" data-widget_type=\"text-editor.default\">\n\t\t\t\t\t\t\t\t\t<div class=\"wpb_text_column wpb_content_element\"><div class=\"wpb_wrapper\"><p>Podemos ayudarle a medida que seguimos modificando nuestras p\u00e1ginas para satisfacer sus necesidades de accesibilidad. Aquellas personas que necesiten ayuda para leer la informaci\u00f3n en nuestro sitio pueden llamar al (784) 477-3434.<\/p><\/div><\/div>\t\t\t\t\t\t\t\t<\/div>\n\t\t\t\t<\/div>\n\t\t\t\t\t<\/div>\n\t\t\t\t<\/div>\n\t\t\t\t<\/div>\n\t\t","protected":false},"excerpt":{"rendered":"<p>Accesibilidad En Mosaic Quarter, nos comprometemos a proporcionar un sitio web accesible para todos. Como parte de este compromiso, seguimos trabajando para cumplir con los est\u00e1ndares de la ADA. Adem\u00e1s de todas las medidas iniciales que hemos tomado para que la accesibilidad sea una prioridad, realizaremos inspecciones peri\u00f3dicas de nuestro sitio web para asegurarnos de [&hellip;]<\/p>\n","protected":false},"author":8,"featured_media":0,"parent":0,"menu_order":0,"comment_status":"closed","ping_status":"closed","template":"elementor_header_footer","meta":{"nf_dc_page":"","inline_featured_image":false,"footnotes":""},"class_list":["post-4898","page","type-page","status-publish","hentry"],"_links":{"self":[{"href":"https:\/\/mosaicquarter.com\/es\/wp-json\/wp\/v2\/pages\/4898","targetHints":{"allow":["GET"]}}],"collection":[{"href":"https:\/\/mosaicquarter.com\/es\/wp-json\/wp\/v2\/pages"}],"about":[{"href":"https:\/\/mosaicquarter.com\/es\/wp-json\/wp\/v2\/types\/page"}],"author":[{"embeddable":true,"href":"https:\/\/mosaicquarter.com\/es\/wp-json\/wp\/v2\/users\/8"}],"replies":[{"embeddable":true,"href":"https:\/\/mosaicquarter.com\/es\/wp-json\/wp\/v2\/comments?post=4898"}],"version-history":[{"count":0,"href":"https:\/\/mosaicquarter.com\/es\/wp-json\/wp\/v2\/pages\/4898\/revisions"}],"wp:attachment":[{"href":"https:\/\/mosaicquarter.com\/es\/wp-json\/wp\/v2\/media?parent=4898"}],"curies":[{"name":"wp","href":"https:\/\/api.w.org\/{rel}","templated":true}]}}