{"id":4896,"date":"2025-10-13T10:35:41","date_gmt":"2025-10-13T10:35:41","guid":{"rendered":"https:\/\/mosaicquarter.com\/politica-de-privacidad\/"},"modified":"2025-11-03T07:25:31","modified_gmt":"2025-11-03T07:25:31","slug":"politica-de-privacidad","status":"publish","type":"page","link":"https:\/\/mosaicquarter.com\/es\/politica-de-privacidad\/","title":{"rendered":"Pol\u00edtica de privacidad"},"content":{"rendered":"\t\t<div data-elementor-type=\"wp-page\" data-elementor-id=\"4896\" class=\"elementor elementor-4896 elementor-3820\" data-elementor-post-type=\"page\">\n\t\t\t\t<div class=\"elementor-element elementor-element-e862aed e-flex e-con-boxed e-con e-parent\" data-id=\"e862aed\" data-element_type=\"container\" data-e-type=\"container\" data-settings=\"{&quot;background_background&quot;:&quot;classic&quot;}\">\n\t\t\t\t\t<div class=\"e-con-inner\">\n\t\t\t\t<div class=\"elementor-element elementor-element-7f404e6 elementor-widget elementor-widget-heading\" data-id=\"7f404e6\" data-element_type=\"widget\" data-e-type=\"widget\" data-widget_type=\"heading.default\">\n\t\t\t\t\t<h2 class=\"elementor-heading-title elementor-size-default\">Pol\u00edtica de privacidad <\/h2>\t\t\t\t<\/div>\n\t\t\t\t\t<\/div>\n\t\t\t\t<\/div>\n\t\t<div class=\"elementor-element elementor-element-f554257 e-flex e-con-boxed e-con e-parent\" data-id=\"f554257\" data-element_type=\"container\" data-e-type=\"container\">\n\t\t\t\t\t<div class=\"e-con-inner\">\n\t\t<div class=\"elementor-element elementor-element-0a4aeda e-con-full e-flex e-con e-child\" data-id=\"0a4aeda\" data-element_type=\"container\" data-e-type=\"container\">\n\t\t\t\t<div class=\"elementor-element elementor-element-7e17ef0 elementor-widget elementor-widget-heading\" data-id=\"7e17ef0\" data-element_type=\"widget\" data-e-type=\"widget\" data-widget_type=\"heading.default\">\n\t\t\t\t\t<h1 class=\"elementor-heading-title elementor-size-default\">RESUMEN<\/h1>\t\t\t\t<\/div>\n\t\t\t\t<div class=\"elementor-element elementor-element-703a960 elementor-widget elementor-widget-text-editor\" data-id=\"703a960\" data-element_type=\"widget\" data-e-type=\"widget\" data-widget_type=\"text-editor.default\">\n\t\t\t\t\t\t\t\t\t<p>Mosaic Quarter se toma muy en serio su privacidad. Este documento describe la pol\u00edtica de Mosaic Quarter con respecto a la informaci\u00f3n personal, la comunicaci\u00f3n continua, la seguridad del sitio y el uso general del sitio mosaicquarter.com. Estas disposiciones se aplican \u00fanicamente a las actividades en l\u00ednea y no son necesariamente aplicables a las pr\u00e1cticas que Mosaic Quarter pueda llevar a cabo fuera de mosaicquarter.com. El uso de este sitio web implica su aceptaci\u00f3n de los t\u00e9rminos y condiciones de uso establecidos en este documento. Si no est\u00e1 de acuerdo con estos t\u00e9rminos, no podr\u00e1 acceder ni utilizar este sitio web.<\/p>\t\t\t\t\t\t\t\t<\/div>\n\t\t\t\t<\/div>\n\t\t<div class=\"elementor-element elementor-element-d8847b5 e-con-full e-flex e-con e-child\" data-id=\"d8847b5\" data-element_type=\"container\" data-e-type=\"container\">\n\t\t\t\t<div class=\"elementor-element elementor-element-c7e97d3 elementor-widget elementor-widget-heading\" data-id=\"c7e97d3\" data-element_type=\"widget\" data-e-type=\"widget\" data-widget_type=\"heading.default\">\n\t\t\t\t\t<h1 class=\"elementor-heading-title elementor-size-default\">RECOPILACI\u00d3N DE INFORMACI\u00d3N NO PERSONAL<\/h1>\t\t\t\t<\/div>\n\t\t\t\t<div class=\"elementor-element elementor-element-f7f8b85 elementor-widget elementor-widget-text-editor\" data-id=\"f7f8b85\" data-element_type=\"widget\" data-e-type=\"widget\" data-widget_type=\"text-editor.default\">\n\t\t\t\t\t\t\t\t\t<ul><li>Mosaic Quarter puede recopilar informaci\u00f3n no personal cuando visita nuestro sitio web, como la direcci\u00f3n IP de su ordenador.<\/li><li>Mosaic Quarter puede recopilar informaci\u00f3n de archivos de registro, incluidas las p\u00e1ginas visitadas, la duraci\u00f3n de la visita, la procedencia, el tipo de navegador y el ordenador que est\u00e1 utilizando durante su visita al sitio. Esta informaci\u00f3n no le identifica personalmente, sino que se utiliza de forma agregada para saber c\u00f3mo mejorar el dise\u00f1o y el contenido de nuestro sitio.<\/li><\/ul>\t\t\t\t\t\t\t\t<\/div>\n\t\t\t\t<\/div>\n\t\t<div class=\"elementor-element elementor-element-84e7ae4 e-con-full e-flex e-con e-child\" data-id=\"84e7ae4\" data-element_type=\"container\" data-e-type=\"container\">\n\t\t\t\t<div class=\"elementor-element elementor-element-258cbff elementor-widget elementor-widget-heading\" data-id=\"258cbff\" data-element_type=\"widget\" data-e-type=\"widget\" data-widget_type=\"heading.default\">\n\t\t\t\t\t<h1 class=\"elementor-heading-title elementor-size-default\">RECOPILACI\u00d3N DE INFORMACI\u00d3N PERSONAL<\/h1>\t\t\t\t<\/div>\n\t\t\t\t<div class=\"elementor-element elementor-element-ea1d229 elementor-widget elementor-widget-text-editor\" data-id=\"ea1d229\" data-element_type=\"widget\" data-e-type=\"widget\" data-widget_type=\"text-editor.default\">\n\t\t\t\t\t\t\t\t\t<ul><li>Si env\u00eda un formulario de contacto o se suscribe a un bolet\u00edn de noticias por correo electr\u00f3nico, deber\u00e1 proporcionar informaci\u00f3n suficiente para que Mosaic Quarter pueda ponerse en contacto con usted seg\u00fan lo solicitado. La informaci\u00f3n recopilada se utilizar\u00e1 \u00fanicamente para ponernos en contacto con usted seg\u00fan lo solicitado.<\/li><li>Una solicitud de comunicaci\u00f3n por correo electr\u00f3nico o de contacto por parte de Mosaic Quarter puede dar lugar a la recopilaci\u00f3n de la siguiente informaci\u00f3n (entre otras):<ul><li>Nombre<\/li><li>Direcci\u00f3n de correo electr\u00f3nico<\/li><li>N\u00famero de tel\u00e9fono<\/li><li>C\u00f3digo postal<\/li><\/ul><\/li><li>Es posible que los usuarios reciban de vez en cuando actualizaciones sobre nuevas funciones del sitio web y otra informaci\u00f3n relacionada con Mosaic Quarter. Si desea que le eliminemos de nuestra lista de correo y base de datos, p\u00f3ngase en contacto con nosotros en <a href=\"mailto:lindsay@mosaicquarter.com\">lindsay@mosaicquarter.com<\/a>. Espere hasta 30 d\u00edas para que se actualicen nuestras listas.<\/li><\/ul>\t\t\t\t\t\t\t\t<\/div>\n\t\t\t\t<\/div>\n\t\t<div class=\"elementor-element elementor-element-d100010 e-con-full e-flex e-con e-child\" data-id=\"d100010\" data-element_type=\"container\" data-e-type=\"container\">\n\t\t\t\t<div class=\"elementor-element elementor-element-e4343d1 elementor-widget elementor-widget-heading\" data-id=\"e4343d1\" data-element_type=\"widget\" data-e-type=\"widget\" data-widget_type=\"heading.default\">\n\t\t\t\t\t<h1 class=\"elementor-heading-title elementor-size-default\">SEGURIDAD, INTERCAMBIO Y DIVULGACI\u00d3N DE LA INFORMACI\u00d3N<\/h1>\t\t\t\t<\/div>\n\t\t\t\t<div class=\"elementor-element elementor-element-584b0cd elementor-widget elementor-widget-text-editor\" data-id=\"584b0cd\" data-element_type=\"widget\" data-e-type=\"widget\" data-widget_type=\"text-editor.default\">\n\t\t\t\t\t\t\t\t\t<ul><li>Mosaic Quarter no alquila, vende ni comparte informaci\u00f3n personal sobre usted con otras personas o empresas.<\/li><li>Contamos con medidas de seguridad f\u00edsicas, electr\u00f3nicas y de procedimiento que cumplen con las regulaciones federales para proteger la informaci\u00f3n personal sobre usted.<\/li><li>Divulgaremos la informaci\u00f3n recopilada para responder a citaciones, \u00f3rdenes judiciales o procesos legales, o para establecer o ejercer nuestros derechos legales o defendernos contra reclamaciones legales.<\/li><li>Podemos transferir la informaci\u00f3n recopilada si Mosaic Quarter es adquirida o se fusiona con otra empresa. En este caso, Mosaic Quarter le notificar\u00e1 antes de que la informaci\u00f3n sobre usted se transfiera y quede sujeta a una pol\u00edtica de privacidad diferente.<\/li><\/ul>\t\t\t\t\t\t\t\t<\/div>\n\t\t\t\t<\/div>\n\t\t<div class=\"elementor-element elementor-element-abd17e8 e-con-full e-flex e-con e-child\" data-id=\"abd17e8\" data-element_type=\"container\" data-e-type=\"container\">\n\t\t\t\t<div class=\"elementor-element elementor-element-43c1f14 elementor-widget elementor-widget-heading\" data-id=\"43c1f14\" data-element_type=\"widget\" data-e-type=\"widget\" data-widget_type=\"heading.default\">\n\t\t\t\t\t<h1 class=\"elementor-heading-title elementor-size-default\">MODIFICACI\u00d3N DE LOS T\u00c9RMINOS Y CONDICIONES<\/h1>\t\t\t\t<\/div>\n\t\t\t\t<div class=\"elementor-element elementor-element-fcbab42 elementor-widget elementor-widget-text-editor\" data-id=\"fcbab42\" data-element_type=\"widget\" data-e-type=\"widget\" data-widget_type=\"text-editor.default\">\n\t\t\t\t\t\t\t\t\t<p>Mosaic Quarter se reserva el derecho, a su entera discreci\u00f3n, de cambiar, modificar, a\u00f1adir o eliminar cualquier parte de este acuerdo, en su totalidad o en parte, en cualquier momento. La modificaci\u00f3n de los cambios en el acuerdo se publicar\u00e1 en el sitio web, y los suscriptores ser\u00e1n notificados por correo electr\u00f3nico. Mosaic Quarter puede cambiar, suspender o interrumpir cualquier aspecto del sitio web en cualquier momento, incluyendo la disponibilidad de cualquier funci\u00f3n del sitio web, base de datos o contenido. Mosaic Quarter tambi\u00e9n puede imponer l\u00edmites a ciertas funciones y servicios o restringir su acceso a partes sin previo aviso ni responsabilidad. Al utilizar este sitio web, usted acepta estar sujeto a dichas revisiones y, por lo tanto, debe visitar peri\u00f3dicamente esta p\u00e1gina y revisar su correo electr\u00f3nico.<\/p>\t\t\t\t\t\t\t\t<\/div>\n\t\t\t\t<\/div>\n\t\t<div class=\"elementor-element elementor-element-09fd6a1 e-con-full e-flex e-con e-child\" data-id=\"09fd6a1\" data-element_type=\"container\" data-e-type=\"container\">\n\t\t\t\t<div class=\"elementor-element elementor-element-8f3550a elementor-widget elementor-widget-heading\" data-id=\"8f3550a\" data-element_type=\"widget\" data-e-type=\"widget\" data-widget_type=\"heading.default\">\n\t\t\t\t\t<h1 class=\"elementor-heading-title elementor-size-default\">ENLACES EXTERNOS<\/h1>\t\t\t\t<\/div>\n\t\t\t\t<div class=\"elementor-element elementor-element-23f41f4 elementor-widget elementor-widget-text-editor\" data-id=\"23f41f4\" data-element_type=\"widget\" data-e-type=\"widget\" data-widget_type=\"text-editor.default\">\n\t\t\t\t\t\t\t\t\t<p>Mosaic Quarter no se hace responsable del contenido ni de las pol\u00edticas de privacidad de los sitios web a los que pueda enlazar. Visite esos sitios para obtener informaci\u00f3n sobre su pol\u00edtica de privacidad.<\/p>\t\t\t\t\t\t\t\t<\/div>\n\t\t\t\t<\/div>\n\t\t<div class=\"elementor-element elementor-element-81b7dfb e-con-full e-flex e-con e-child\" data-id=\"81b7dfb\" data-element_type=\"container\" data-e-type=\"container\">\n\t\t\t\t<div class=\"elementor-element elementor-element-ae9aa8a elementor-widget elementor-widget-heading\" data-id=\"ae9aa8a\" data-element_type=\"widget\" data-e-type=\"widget\" data-widget_type=\"heading.default\">\n\t\t\t\t\t<h1 class=\"elementor-heading-title elementor-size-default\">PREGUNTAS Y SUGERENCIAS<\/h1>\t\t\t\t<\/div>\n\t\t\t\t<div class=\"elementor-element elementor-element-703c3ab elementor-widget elementor-widget-text-editor\" data-id=\"703c3ab\" data-element_type=\"widget\" data-e-type=\"widget\" data-widget_type=\"text-editor.default\">\n\t\t\t\t\t\t\t\t\t<p>Si tiene alguna pregunta o sugerencia sobre esta pol\u00edtica, p\u00f3ngase en contacto con nuestra oficina.<\/p>\t\t\t\t\t\t\t\t<\/div>\n\t\t\t\t<\/div>\n\t\t\t\t\t<\/div>\n\t\t\t\t<\/div>\n\t\t\t\t<\/div>\n\t\t","protected":false},"excerpt":{"rendered":"<p>Pol\u00edtica de privacidad RESUMEN Mosaic Quarter se toma muy en serio su privacidad. Este documento describe la pol\u00edtica de Mosaic Quarter con respecto a la informaci\u00f3n personal, la comunicaci\u00f3n continua, la seguridad del sitio y el uso general del sitio mosaicquarter.com. Estas disposiciones se aplican \u00fanicamente a las actividades en l\u00ednea y no son necesariamente [&hellip;]<\/p>\n","protected":false},"author":8,"featured_media":0,"parent":0,"menu_order":0,"comment_status":"closed","ping_status":"closed","template":"elementor_header_footer","meta":{"nf_dc_page":"","inline_featured_image":false,"footnotes":""},"class_list":["post-4896","page","type-page","status-publish","hentry"],"_links":{"self":[{"href":"https:\/\/mosaicquarter.com\/es\/wp-json\/wp\/v2\/pages\/4896","targetHints":{"allow":["GET"]}}],"collection":[{"href":"https:\/\/mosaicquarter.com\/es\/wp-json\/wp\/v2\/pages"}],"about":[{"href":"https:\/\/mosaicquarter.com\/es\/wp-json\/wp\/v2\/types\/page"}],"author":[{"embeddable":true,"href":"https:\/\/mosaicquarter.com\/es\/wp-json\/wp\/v2\/users\/8"}],"replies":[{"embeddable":true,"href":"https:\/\/mosaicquarter.com\/es\/wp-json\/wp\/v2\/comments?post=4896"}],"version-history":[{"count":0,"href":"https:\/\/mosaicquarter.com\/es\/wp-json\/wp\/v2\/pages\/4896\/revisions"}],"wp:attachment":[{"href":"https:\/\/mosaicquarter.com\/es\/wp-json\/wp\/v2\/media?parent=4896"}],"curies":[{"name":"wp","href":"https:\/\/api.w.org\/{rel}","templated":true}]}}